{"id":11720,"date":"2022-05-31T10:02:25","date_gmt":"2022-05-31T10:02:25","guid":{"rendered":"https:\/\/deltrangolabradores.es\/?page_id=11720"},"modified":"2022-07-27T15:27:46","modified_gmt":"2022-07-27T15:27:46","slug":"del-trango","status":"publish","type":"page","link":"https:\/\/deltrangolabradores.es\/en\/del-trango\/","title":{"rendered":"Del Trango"},"content":{"rendered":"<div data-elementor-type=\"wp-page\" data-elementor-id=\"11720\" class=\"elementor elementor-11720\">\n\t\t\t\t\t\t<div class=\"elementor-inner\">\n\t\t\t\t<div class=\"elementor-section-wrap\">\n\t\t\t\t\t\t\t\t\t<section data-particle_enable=\"false\" data-particle-mobile-disabled=\"false\" class=\"elementor-section elementor-top-section elementor-element elementor-element-163c2dc elementor-section-boxed elementor-section-height-default elementor-section-height-default\" data-id=\"163c2dc\" data-element_type=\"section\" data-settings=\"{&quot;background_background&quot;:&quot;classic&quot;}\">\n\t\t\t\t\t\t<div class=\"elementor-container elementor-column-gap-default\">\n\t\t\t\t\t\t\t<div class=\"elementor-row\">\n\t\t\t\t\t<div class=\"elementor-column elementor-col-100 elementor-top-column elementor-element elementor-element-61f70b3\" data-id=\"61f70b3\" data-element_type=\"column\">\n\t\t\t<div class=\"elementor-column-wrap elementor-element-populated\">\n\t\t\t\t\t\t\t<div class=\"elementor-widget-wrap\">\n\t\t\t\t\t\t<div class=\"elementor-element elementor-element-0f41348 elementor-widget elementor-widget-shortcode\" data-id=\"0f41348\" data-element_type=\"widget\" data-widget_type=\"shortcode.default\">\n\t\t\t\t<div class=\"elementor-widget-container\">\n\t\t\t\t\t<div class=\"elementor-shortcode\">\n\t\t\t<!-- START Finca REVOLUTION SLIDER 6.5.24 --><p class=\"rs-p-wp-fix\"><\/p>\n\t\t\t<rs-module-wrap id=\"rev_slider_3_1_wrapper\" data-source=\"gallery\" style=\"visibility:hidden;background:transparent;padding:0;margin:0px auto;margin-top:0;margin-bottom:0;\">\n\t\t\t\t<rs-module id=\"rev_slider_3_1\" style=\"\" data-version=\"6.5.24\">\n\t\t\t\t\t<rs-slides>\n\t\t\t\t\t\t<rs-slide style=\"position: absolute;\" data-key=\"rs-8\" data-title=\"Slide\" data-in=\"o:0;\" data-out=\"a:false;\">\n\t\t\t\t\t\t\t<img decoding=\"async\" src=\"\/\/deltrangolabradores.es\/wp-content\/plugins\/revslider\/public\/assets\/assets\/dummy.png\" alt=\"\" title=\"Del Trango\" class=\"rev-slidebg tp-rs-img rs-lazyload\" data-lazyload=\"\/\/deltrangolabradores.es\/wp-content\/plugins\/revslider\/public\/assets\/assets\/transparent.png\" data-no-retina>\n\t\t\t\t\t\t\t<rs-bgvideo \n\t\t\t\t\t\t\t\tdata-video=\"vc:none;w:100%;h:100%;nse:false;l:true;ptimer:false;\"\n\t\t\t\t\t\t\t\tdata-ytid=\"27Zzex49ksY\"\n\t\t\t\t\t\t\t\tdata-vatr=\"version=3&amp;enablejsapi=1&amp;html5=1&amp;hd=1&amp;wmode=opaque&amp;showinfo=0&amp;rel=0&amp;origin=https:\/\/deltrangolabradores.es;\"\n\t\t\t\t\t\t\t><\/rs-bgvideo>\n<!---->\t\t\t\t\t\t<\/rs-slide>\n\t\t\t\t\t<\/rs-slides>\n\t\t\t\t<\/rs-module>\n\t\t\t\t<script>\n\t\t\t\t\tsetREVStartSize({c: 'rev_slider_3_1',rl:[1240,1024,778,480],el:[900],gw:[1240],gh:[900],type:'standard',justify:'',layout:'fullwidth',mh:\"0\"});if (window.RS_MODULES!==undefined && window.RS_MODULES.modules!==undefined && window.RS_MODULES.modules[\"revslider31\"]!==undefined) {window.RS_MODULES.modules[\"revslider31\"].once = false;window.revapi3 = undefined;if (window.RS_MODULES.checkMinimal!==undefined) window.RS_MODULES.checkMinimal()}\n\t\t\t\t<\/script>\n\t\t\t\t<script src=\"https:\/\/www.youtube.com\/iframe_api\"><\/script>\n\t\t\t<\/rs-module-wrap>\n\t\t\t<!-- END REVOLUTION SLIDER -->\n<\/div>\n\t\t\t\t<\/div>\n\t\t\t\t<\/div>\n\t\t\t\t\t\t<\/div>\n\t\t\t\t\t<\/div>\n\t\t<\/div>\n\t\t\t\t\t\t\t\t<\/div>\n\t\t\t\t\t<\/div>\n\t\t<\/section>\n\t\t\t\t<section data-particle_enable=\"false\" data-particle-mobile-disabled=\"false\" class=\"elementor-section elementor-top-section elementor-element elementor-element-2b657d8 elementor-section-boxed elementor-section-height-default elementor-section-height-default\" data-id=\"2b657d8\" data-element_type=\"section\" data-settings=\"{&quot;background_background&quot;:&quot;classic&quot;}\">\n\t\t\t\t\t\t\t<div class=\"elementor-background-overlay\"><\/div>\n\t\t\t\t\t\t\t<div class=\"elementor-container elementor-column-gap-default\">\n\t\t\t\t\t\t\t<div class=\"elementor-row\">\n\t\t\t\t\t<div class=\"elementor-column elementor-col-100 elementor-top-column elementor-element elementor-element-84fef4d\" data-id=\"84fef4d\" data-element_type=\"column\">\n\t\t\t<div class=\"elementor-column-wrap elementor-element-populated\">\n\t\t\t\t\t\t\t<div class=\"elementor-widget-wrap\">\n\t\t\t\t\t\t<div class=\"elementor-element elementor-element-de620fc elementor-widget elementor-widget-text-editor\" data-id=\"de620fc\" data-element_type=\"widget\" data-widget_type=\"text-editor.default\">\n\t\t\t\t<div class=\"elementor-widget-container\">\n\t\t\t\t\t\t\t\t<div class=\"elementor-text-editor elementor-clearfix\">\n\t\t\t\t<p><span style=\"color: #ffffff;\">From this site I would like to introduce you to our labradors. Our house is on a farm of almost 30,000 m2 in Asturias, a natural paradise for humans and dogs, and thanks to that we can enjoy the beach and the mountains almost every day.<\/span><\/p><p><span style=\"color: #ffffff;\">Lots of space, exercise, care and affection are the key to their happiness and mine.<\/span><\/p><p><span style=\"color: #ffffff;\">Turning my child's dream into reality is my greatest pride, my herd.<\/span><\/p>\t\t\t\t\t<\/div>\n\t\t\t\t\t\t<\/div>\n\t\t\t\t<\/div>\n\t\t\t\t<div class=\"elementor-element elementor-element-c38490c elementor-widget elementor-widget-spacer\" data-id=\"c38490c\" data-element_type=\"widget\" data-widget_type=\"spacer.default\">\n\t\t\t\t<div class=\"elementor-widget-container\">\n\t\t\t\t\t<div class=\"elementor-spacer\">\n\t\t\t<div class=\"elementor-spacer-inner\"><\/div>\n\t\t<\/div>\n\t\t\t\t<\/div>\n\t\t\t\t<\/div>\n\t\t\t\t\t\t<\/div>\n\t\t\t\t\t<\/div>\n\t\t<\/div>\n\t\t\t\t\t\t\t\t<\/div>\n\t\t\t\t\t<\/div>\n\t\t<\/section>\n\t\t\t\t\t\t\t\t\t<\/div>\n\t\t\t<\/div>\n\t\t\t\t\t<\/div>","protected":false},"excerpt":{"rendered":"<p>Desde esta p\u00e1gina me gustar\u00eda presentaros a nuestros labradores. Nuestra casa est\u00e1 en una finca de casi 30.000m2 en Asturias, para\u00edso natural para humanos y perros, y&hellip;<\/p>\n<p> <a class=\"more-link\" href=\"https:\/\/deltrangolabradores.es\/en\/del-trango\/\">Read more<\/a><\/p>","protected":false},"author":1,"featured_media":0,"parent":0,"menu_order":0,"comment_status":"closed","ping_status":"closed","template":"","meta":{"footnotes":""},"class_list":["post-11720","page","type-page","status-publish"],"_links":{"self":[{"href":"https:\/\/deltrangolabradores.es\/en\/wp-json\/wp\/v2\/pages\/11720","targetHints":{"allow":["GET"]}}],"collection":[{"href":"https:\/\/deltrangolabradores.es\/en\/wp-json\/wp\/v2\/pages"}],"about":[{"href":"https:\/\/deltrangolabradores.es\/en\/wp-json\/wp\/v2\/types\/page"}],"author":[{"embeddable":true,"href":"https:\/\/deltrangolabradores.es\/en\/wp-json\/wp\/v2\/users\/1"}],"replies":[{"embeddable":true,"href":"https:\/\/deltrangolabradores.es\/en\/wp-json\/wp\/v2\/comments?post=11720"}],"version-history":[{"count":82,"href":"https:\/\/deltrangolabradores.es\/en\/wp-json\/wp\/v2\/pages\/11720\/revisions"}],"predecessor-version":[{"id":12829,"href":"https:\/\/deltrangolabradores.es\/en\/wp-json\/wp\/v2\/pages\/11720\/revisions\/12829"}],"wp:attachment":[{"href":"https:\/\/deltrangolabradores.es\/en\/wp-json\/wp\/v2\/media?parent=11720"}],"curies":[{"name":"wp","href":"https:\/\/api.w.org\/{rel}","templated":true}]}}