{"id":11987,"date":"2022-06-02T11:29:46","date_gmt":"2022-06-02T11:29:46","guid":{"rendered":"https:\/\/deltrangolabradores.es\/?page_id=11987"},"modified":"2022-07-27T15:28:46","modified_gmt":"2022-07-27T15:28:46","slug":"homepage","status":"publish","type":"page","link":"https:\/\/deltrangolabradores.es\/en\/","title":{"rendered":"homepage"},"content":{"rendered":"<div data-elementor-type=\"wp-page\" data-elementor-id=\"11987\" class=\"elementor elementor-11987\">\n\t\t\t\t\t\t<div class=\"elementor-inner\">\n\t\t\t\t<div class=\"elementor-section-wrap\">\n\t\t\t\t\t\t\t\t\t<section data-particle_enable=\"false\" data-particle-mobile-disabled=\"false\" class=\"elementor-section elementor-top-section elementor-element elementor-element-163c2dc elementor-section-boxed elementor-section-height-default elementor-section-height-default\" data-id=\"163c2dc\" data-element_type=\"section\" data-settings=\"{&quot;background_background&quot;:&quot;classic&quot;}\">\n\t\t\t\t\t\t<div class=\"elementor-container elementor-column-gap-default\">\n\t\t\t\t\t\t\t<div class=\"elementor-row\">\n\t\t\t\t\t<div class=\"elementor-column elementor-col-100 elementor-top-column elementor-element elementor-element-61f70b3\" data-id=\"61f70b3\" data-element_type=\"column\">\n\t\t\t<div class=\"elementor-column-wrap elementor-element-populated\">\n\t\t\t\t\t\t\t<div class=\"elementor-widget-wrap\">\n\t\t\t\t\t\t<div class=\"elementor-element elementor-element-0f41348 elementor-widget elementor-widget-shortcode\" data-id=\"0f41348\" data-element_type=\"widget\" data-widget_type=\"shortcode.default\">\n\t\t\t\t<div class=\"elementor-widget-container\">\n\t\t\t\t\t<div class=\"elementor-shortcode\">\n\t\t\t<!-- START Intro v2 REVOLUTION SLIDER 6.5.24 --><p class=\"rs-p-wp-fix\"><\/p>\n\t\t\t<rs-module-wrap id=\"rev_slider_5_1_wrapper\" data-source=\"gallery\" style=\"visibility:hidden;background:#0c0c0c;padding:0;\">\n\t\t\t\t<rs-module id=\"rev_slider_5_1\" style=\"\" data-version=\"6.5.24\">\n\t\t\t\t\t<rs-slides>\n\t\t\t\t\t\t<rs-slide style=\"position: absolute;\" data-key=\"rs-12\" data-title=\"Slide\" data-thumb=\"\/\/deltrangolabradores.es\/wp-content\/uploads\/2020\/11\/OV4A1726_150ppp-50x100.jpg\" data-in=\"o:0;\" data-out=\"a:false;\">\n\t\t\t\t\t\t\t<img decoding=\"async\" src=\"\/\/deltrangolabradores.es\/wp-content\/plugins\/revslider\/public\/assets\/assets\/dummy.png\" alt=\"\" title=\"OV4A1726_150ppp\" width=\"2446\" height=\"1633\" class=\"rev-slidebg tp-rs-img rs-lazyload\" data-lazyload=\"\/\/deltrangolabradores.es\/wp-content\/uploads\/2020\/11\/OV4A1726_150ppp.jpg\" data-no-retina>\n<!---->\t\t\t\t\t\t<\/rs-slide>\n\t\t\t\t\t\t<rs-slide style=\"position: absolute;\" data-key=\"rs-13\" data-title=\"Slide\" data-thumb=\"\/\/deltrangolabradores.es\/wp-content\/uploads\/2020\/11\/Foto002_150ppp2-50x100.jpg\" data-in=\"o:0;\" data-out=\"a:false;\">\n\t\t\t\t\t\t\t<img decoding=\"async\" src=\"\/\/deltrangolabradores.es\/wp-content\/plugins\/revslider\/public\/assets\/assets\/dummy.png\" alt=\"\" title=\"Foto002_150ppp2\" width=\"2446\" height=\"1633\" class=\"rev-slidebg tp-rs-img rs-lazyload\" data-lazyload=\"\/\/deltrangolabradores.es\/wp-content\/uploads\/2020\/11\/Foto002_150ppp2.jpg\" data-no-retina>\n<!---->\t\t\t\t\t\t<\/rs-slide>\n\t\t\t\t\t\t<rs-slide style=\"position: absolute;\" data-key=\"rs-15\" data-title=\"Slide\" data-thumb=\"\/\/deltrangolabradores.es\/wp-content\/uploads\/2020\/11\/OV4A1347_150-scaled-50x100.jpg\" data-in=\"o:0;\" data-out=\"a:false;\">\n\t\t\t\t\t\t\t<img decoding=\"async\" src=\"\/\/deltrangolabradores.es\/wp-content\/plugins\/revslider\/public\/assets\/assets\/dummy.png\" alt=\"\" title=\"OV4A1347_150\" width=\"2560\" height=\"1655\" class=\"rev-slidebg tp-rs-img rs-lazyload\" data-lazyload=\"\/\/deltrangolabradores.es\/wp-content\/uploads\/2020\/11\/OV4A1347_150-scaled.jpg\" data-no-retina>\n<!---->\t\t\t\t\t\t<\/rs-slide>\n\t\t\t\t\t\t<rs-slide style=\"position: absolute;\" data-key=\"rs-16\" data-title=\"Slide\" data-thumb=\"\/\/deltrangolabradores.es\/wp-content\/uploads\/2020\/11\/8c2191ac-dc76-4b22-b326-3bd2de2b32fb-50x100.jpg\" data-in=\"o:0;\" data-out=\"a:false;\">\n\t\t\t\t\t\t\t<img decoding=\"async\" src=\"\/\/deltrangolabradores.es\/wp-content\/plugins\/revslider\/public\/assets\/assets\/dummy.png\" alt=\"\" title=\"8c2191ac-dc76-4b22-b326-3bd2de2b32fb\" width=\"2048\" height=\"1399\" class=\"rev-slidebg tp-rs-img rs-lazyload\" data-lazyload=\"\/\/deltrangolabradores.es\/wp-content\/uploads\/2020\/11\/8c2191ac-dc76-4b22-b326-3bd2de2b32fb.jpg\" data-no-retina>\n<!---->\t\t\t\t\t\t<\/rs-slide>\n\t\t\t\t\t\t<rs-slide style=\"position: absolute;\" data-key=\"rs-17\" data-title=\"Slide\" data-thumb=\"\/\/deltrangolabradores.es\/wp-content\/uploads\/2022\/05\/QUEEN-CABEZA-OFICIAL-50x100.jpeg\" data-in=\"o:0;\" data-out=\"a:false;\">\n\t\t\t\t\t\t\t<img decoding=\"async\" src=\"\/\/deltrangolabradores.es\/wp-content\/plugins\/revslider\/public\/assets\/assets\/dummy.png\" alt=\"\" title=\"QUEEN CABEZA OFICIAL\" width=\"2048\" height=\"1562\" class=\"rev-slidebg tp-rs-img rs-lazyload\" data-lazyload=\"\/\/deltrangolabradores.es\/wp-content\/uploads\/2022\/05\/QUEEN-CABEZA-OFICIAL.jpeg\" data-no-retina>\n<!---->\t\t\t\t\t\t<\/rs-slide>\n\t\t\t\t\t<\/rs-slides>\n\t\t\t\t\t<rs-static-layers><!--\n\t\t\t\t\t--><\/rs-static-layers>\n\t\t\t\t<\/rs-module>\n\t\t\t\t<script>\n\t\t\t\t\tsetREVStartSize({c: 'rev_slider_5_1',rl:[1240,1024,778,480],el:[900],gw:[1240],gh:[900],type:'standard',justify:'',layout:'fullscreen',offsetContainer:'',offset:'',mh:\"0\"});if (window.RS_MODULES!==undefined && window.RS_MODULES.modules!==undefined && window.RS_MODULES.modules[\"revslider51\"]!==undefined) {window.RS_MODULES.modules[\"revslider51\"].once = false;window.revapi5 = undefined;if (window.RS_MODULES.checkMinimal!==undefined) window.RS_MODULES.checkMinimal()}\n\t\t\t\t<\/script>\n\t\t\t<\/rs-module-wrap>\n\t\t\t<!-- END REVOLUTION SLIDER -->\n<\/div>\n\t\t\t\t<\/div>\n\t\t\t\t<\/div>\n\t\t\t\t\t\t<\/div>\n\t\t\t\t\t<\/div>\n\t\t<\/div>\n\t\t\t\t\t\t\t\t<\/div>\n\t\t\t\t\t<\/div>\n\t\t<\/section>\n\t\t\t\t<section data-particle_enable=\"false\" data-particle-mobile-disabled=\"false\" class=\"elementor-section elementor-top-section elementor-element elementor-element-2b657d8 elementor-section-boxed elementor-section-height-default elementor-section-height-default\" data-id=\"2b657d8\" data-element_type=\"section\" data-settings=\"{&quot;background_background&quot;:&quot;classic&quot;}\">\n\t\t\t\t\t\t<div class=\"elementor-container elementor-column-gap-default\">\n\t\t\t\t\t\t\t<div class=\"elementor-row\">\n\t\t\t\t\t<div class=\"elementor-column elementor-col-100 elementor-top-column elementor-element elementor-element-84fef4d\" data-id=\"84fef4d\" data-element_type=\"column\">\n\t\t\t<div class=\"elementor-column-wrap elementor-element-populated\">\n\t\t\t\t\t\t\t<div class=\"elementor-widget-wrap\">\n\t\t\t\t\t\t<div class=\"elementor-element elementor-element-de620fc elementor-widget elementor-widget-text-editor\" data-id=\"de620fc\" data-element_type=\"widget\" data-widget_type=\"text-editor.default\">\n\t\t\t\t<div class=\"elementor-widget-container\">\n\t\t\t\t\t\t\t\t<div class=\"elementor-text-editor elementor-clearfix\">\n\t\t\t\t<p><span style=\"color: #ffffff;\">Welcome to my site on the internet, dedicated to my passion, dogs, especially the LABRADOR RETRIEVER.<\/span><\/p><p><span style=\"color: #ffffff;\">My name is Aida Molina, I formed my kennel name Del Trango in 2011, and since then I have not stopped learning about this wonderful breed, studying, attending exhibitions, and above all, enjoying their love and company on a daily basis.<\/span><\/p><p><span style=\"color: #ffffff;\">I began my journey in the world of purebred dogs when I was very young, attending shows as a birthday present, and my first experiences as a presenter were back in 1998, with my dog \u200b\u200bNevada, a Pyrenean Mountain as big as she is kind.<\/span><\/p><p><span style=\"color: #ffffff;\">I always wanted to be able to dedicate my time to raising dogs, out of passion, seeking to improve every day, take care of their health, beauty and temperament. Today it is a great responsibility that I am lucky to be able to carry out.<\/span><\/p>\t\t\t\t\t<\/div>\n\t\t\t\t\t\t<\/div>\n\t\t\t\t<\/div>\n\t\t\t\t\t\t<\/div>\n\t\t\t\t\t<\/div>\n\t\t<\/div>\n\t\t\t\t\t\t\t\t<\/div>\n\t\t\t\t\t<\/div>\n\t\t<\/section>\n\t\t\t\t\t\t\t\t\t<\/div>\n\t\t\t<\/div>\n\t\t\t\t\t<\/div>","protected":false},"excerpt":{"rendered":"<p>Bienvenid@ a mi rinc\u00f3n en internet, dedicado a mi pasi\u00f3n, los perros, especialmente el LABRADOR RETRIEVER. Soy Aida Molina, form\u00e9 mi afijo Del Trango en 2011, y&hellip;<\/p>\n<p> <a class=\"more-link\" href=\"https:\/\/deltrangolabradores.es\/en\/\">Read more<\/a><\/p>","protected":false},"author":1,"featured_media":0,"parent":0,"menu_order":0,"comment_status":"closed","ping_status":"closed","template":"","meta":{"footnotes":""},"class_list":["post-11987","page","type-page","status-publish"],"_links":{"self":[{"href":"https:\/\/deltrangolabradores.es\/en\/wp-json\/wp\/v2\/pages\/11987","targetHints":{"allow":["GET"]}}],"collection":[{"href":"https:\/\/deltrangolabradores.es\/en\/wp-json\/wp\/v2\/pages"}],"about":[{"href":"https:\/\/deltrangolabradores.es\/en\/wp-json\/wp\/v2\/types\/page"}],"author":[{"embeddable":true,"href":"https:\/\/deltrangolabradores.es\/en\/wp-json\/wp\/v2\/users\/1"}],"replies":[{"embeddable":true,"href":"https:\/\/deltrangolabradores.es\/en\/wp-json\/wp\/v2\/comments?post=11987"}],"version-history":[{"count":44,"href":"https:\/\/deltrangolabradores.es\/en\/wp-json\/wp\/v2\/pages\/11987\/revisions"}],"predecessor-version":[{"id":12832,"href":"https:\/\/deltrangolabradores.es\/en\/wp-json\/wp\/v2\/pages\/11987\/revisions\/12832"}],"wp:attachment":[{"href":"https:\/\/deltrangolabradores.es\/en\/wp-json\/wp\/v2\/media?parent=11987"}],"curies":[{"name":"wp","href":"https:\/\/api.w.org\/{rel}","templated":true}]}}