{"id":12373,"date":"2022-07-13T07:05:16","date_gmt":"2022-07-13T07:05:16","guid":{"rendered":"https:\/\/deltrangolabradores.es\/?page_id=12373"},"modified":"2025-02-12T09:02:01","modified_gmt":"2025-02-12T08:02:01","slug":"politica-de-privacidad","status":"publish","type":"page","link":"https:\/\/deltrangolabradores.es\/en\/politica-de-privacidad\/","title":{"rendered":"Privacy Policy"},"content":{"rendered":"<div data-elementor-type=\"wp-page\" data-elementor-id=\"12373\" class=\"elementor elementor-12373\">\n\t\t\t\t\t\t<div class=\"elementor-inner\">\n\t\t\t\t<div class=\"elementor-section-wrap\">\n\t\t\t\t\t\t\t\t\t<section data-particle_enable=\"false\" data-particle-mobile-disabled=\"false\" class=\"elementor-section elementor-top-section elementor-element elementor-element-2b657d8 elementor-section-boxed elementor-section-height-default elementor-section-height-default\" data-id=\"2b657d8\" data-element_type=\"section\" data-settings=\"{&quot;background_background&quot;:&quot;classic&quot;}\">\n\t\t\t\t\t\t<div class=\"elementor-container elementor-column-gap-default\">\n\t\t\t\t\t\t\t<div class=\"elementor-row\">\n\t\t\t\t\t<div class=\"elementor-column elementor-col-100 elementor-top-column elementor-element elementor-element-84fef4d\" data-id=\"84fef4d\" data-element_type=\"column\">\n\t\t\t<div class=\"elementor-column-wrap elementor-element-populated\">\n\t\t\t\t\t\t\t<div class=\"elementor-widget-wrap\">\n\t\t\t\t\t\t<div class=\"elementor-element elementor-element-751e7aa elementor-widget elementor-widget-heading\" data-id=\"751e7aa\" data-element_type=\"widget\" data-widget_type=\"heading.default\">\n\t\t\t\t<div class=\"elementor-widget-container\">\n\t\t\t<h2 class=\"elementor-heading-title elementor-size-default\">POL\u00cdTICA DE PRIVACIDAD<\/h2>\t\t<\/div>\n\t\t\t\t<\/div>\n\t\t\t\t<div class=\"elementor-element elementor-element-c929927 elementor-widget elementor-widget-spacer\" data-id=\"c929927\" data-element_type=\"widget\" data-widget_type=\"spacer.default\">\n\t\t\t\t<div class=\"elementor-widget-container\">\n\t\t\t\t\t<div class=\"elementor-spacer\">\n\t\t\t<div class=\"elementor-spacer-inner\"><\/div>\n\t\t<\/div>\n\t\t\t\t<\/div>\n\t\t\t\t<\/div>\n\t\t\t\t<div class=\"elementor-element elementor-element-de620fc elementor-widget elementor-widget-text-editor\" data-id=\"de620fc\" data-element_type=\"widget\" data-widget_type=\"text-editor.default\">\n\t\t\t\t<div class=\"elementor-widget-container\">\n\t\t\t\t\t\t\t\t<div class=\"elementor-text-editor elementor-clearfix\">\n\t\t\t\t<p><span style=\"color: #ffffff;\"><strong>A. Introducci\u00f3n<\/strong><\/span><\/p><ol><li><p><span style=\"color: #ffffff;\">The privacy of visitors to our website is very important and we are committed to protecting it. This policy explains what we will do with your personal information when you browse our website. <strong>www.deltrangolabradores.es<\/strong><\/span><\/p><\/li><li><p><span style=\"color: #ffffff;\">When you visit us for the first time and give your consent to our use of your personal information, we will not use your personal information for any other purpose.\u00a0<em>cookies<\/em>, in accordance with the terms of this policy, you grant us permission to use\u00a0<em>cookies<\/em>\u00a0each time you visit our website.<\/span><\/p><\/li><li><span style=\"color: #ffffff;\">If you have any doubts or questions, please do not hesitate to contact us by phone, e-mail or the form at the end of this document.<\/span><\/li><\/ol><p><span style=\"color: #ffffff;\"><strong>B. Credit<\/strong><\/span><\/p><p><span style=\"color: #ffffff;\"><b><br \/><\/b><\/span><span style=\"color: #ffffff;\">This document was created using a template from SEQ Legal (seqlegal.com).<\/span><\/p><p><span style=\"color: #ffffff;\">\u00a0<\/span><\/p><p><span style=\"color: #ffffff;\"><strong>C. Collecting personal information<\/strong><\/span><\/p><p><span style=\"color: #ffffff;\"><strong>\u00a0<\/strong><\/span><\/p><p><span style=\"color: #ffffff;\">The following types of personal information may be collected, stored and used:<\/span><\/p><ol><li><p><span style=\"color: #ffffff;\">information about your computer, including your IP address, geographic location, browser type and version, and operating system;<\/span><\/p><\/li><li><p><span style=\"color: #ffffff;\">information about your visits to and use of this website, including referral sources, length of visit, page views and website navigation paths;<\/span><\/p><\/li><li><p><span style=\"color: #ffffff;\">information you enter when you create an account on our website, such as your e-mail address;<\/span><\/p><\/li><li><p><span style=\"color: #ffffff;\">information you enter when creating a profile on our website, for example, your name, profile picture, gender, birthday, marital status, interests and hobbies, education and employment information;<\/span><\/p><\/li><li><p><span style=\"color: #ffffff;\">information you enter to subscribe to our emails and newsletters, such as your name and email address;<\/span><\/p><\/li><li><p><span style=\"color: #ffffff;\">information you enter while using the services on our website;<\/span><\/p><\/li><li><p><span style=\"color: #ffffff;\">information that is generated while using our website, including when, how often and under what circumstances you use it;<\/span><\/p><\/li><li><p><span style=\"color: #ffffff;\">information about anything related to your purchase, services you use or transactions you make through the website, including your name, address, telephone number, e-mail address and credit card information;<\/span><\/p><\/li><li><p><span style=\"color: #ffffff;\">information you post on our website with the intention that it be published on the Internet, including your user name, profile pictures and the content of your posts;<\/span><\/p><\/li><li><p><span style=\"color: #ffffff;\">information contained in any of the communications you send to us via e-mail or our website, including the content of the communication and metadata;<\/span><\/p><\/li><li><p><span style=\"color: #ffffff;\">any other personal information you submit to us.<\/span><\/p><\/li><\/ol><p><span style=\"color: #ffffff;\">Before disclosing another person's personal information to us, you must first obtain that person's consent to both the disclosure and the processing of that personal information in accordance with this policy;<\/span><\/p><p><span style=\"color: #ffffff;\">\u00a0<\/span><\/p><p><span style=\"color: #ffffff;\"><strong>D. Use of your personal information<\/strong><\/span><\/p><p><span style=\"color: #ffffff;\">The personal information you submit to us through our website will be used for the purposes specified in this policy or on the relevant pages of the website. We may use your personal information for the following purposes:<\/span><\/p><ol><li><ol><li><p><span style=\"color: #ffffff;\">manage our website and business;<\/span><\/p><\/li><li><p><span style=\"color: #ffffff;\">customize our website for you;<\/span><\/p><\/li><li><p><span style=\"color: #ffffff;\">activate the use of services available on our website;<\/span><\/p><\/li><li><p><span style=\"color: #ffffff;\">provide services purchased through our website;<\/span><\/p><\/li><li><p><span style=\"color: #ffffff;\">send statements, invoices and payment reminders and collect data from you;<\/span><\/p><\/li><li><p><span style=\"color: #ffffff;\">send e-mail notifications that you have specifically requested;<\/span><\/p><\/li><li><p><span style=\"color: #ffffff;\">to respond to inquiries and complaints from you or about you related to our website;<\/span><\/p><\/li><li><p><span style=\"color: #ffffff;\">keep the website secure and prevent fraud;<\/span><\/p><\/li><\/ol><\/li><\/ol><p><span style=\"color: #ffffff;\">If you submit personal information for publication on our website, we will publish and use that information in accordance with the license you grant to us.<\/span><\/p><p><span style=\"color: #ffffff;\">Your privacy settings can be used to limit the publication of our information on our website and can be adjusted using privacy controls on the website.<\/span><\/p><p><span style=\"color: #ffffff;\">Without your explicit consent we will not provide your personal information to any third party for their direct marketing or that of another third party.<\/span><\/p><p><span style=\"color: #ffffff;\">\u00a0<\/span><\/p><p><span style=\"color: #ffffff;\"><strong>E. Disclosure of personal information<\/strong><\/span><\/p><p><span style=\"color: #ffffff;\">We may disclose your personal information to any of our employees, officers, insurers, professional advisors, agents, suppliers or contractors as reasonably necessary for the purposes described in this policy.<\/span><\/p><p><span style=\"color: #ffffff;\">We may disclose your personal information to any member of our group of companies (this includes subsidiaries, our group and all of its subsidiaries), as reasonably necessary for the purposes described in this policy.<\/span><\/p><p><span style=\"color: #ffffff;\">We may disclose your personal information:<\/span><\/p><ol><li><p><span style=\"color: #ffffff;\">to the extent required by law;<\/span><\/p><\/li><li><p><span style=\"color: #ffffff;\">in connection with any current or prospective legal proceeding;<\/span><\/p><\/li><li><p><span style=\"color: #ffffff;\">to establish, exercise or defend our legal rights (including providing personal information to others for fraud prevention and credit risk reduction purposes);<\/span><\/p><\/li><li><p><span style=\"color: #ffffff;\">the purchaser (or prospective purchaser) of any business or asset that we are selling or contemplating selling; and<\/span><\/p><\/li><li><p><span style=\"color: #ffffff;\">to any person who we reasonably believe will be able to apply to a court or other competent authority to request disclosure of such personal information, and who, in our reasonable opinion, such court or authority is reasonably likely to order disclosure of such personal information.<\/span><\/p><\/li><\/ol><p><span style=\"color: #ffffff;\">Except as required by law, we will not provide your personal information to third parties.<\/span><\/p><p><span style=\"color: #ffffff;\">\u00a0<\/span><\/p><p><span style=\"color: #ffffff;\"><strong>F. International data transfers<\/strong><\/span><\/p><ol><li><p><span style=\"color: #ffffff;\">The information we collect may be stored, processed and transferred between any of the countries in which we operate in order to allow us to use the information in accordance with this policy.<\/span><\/p><\/li><li><p><span style=\"color: #ffffff;\">The information we collect may be transferred to the following countries where we do not have data protection laws equivalent to those in force in the European Economic Area: United States of America, Russia, Japan, China and India.<\/span><\/p><\/li><li><p><span style=\"color: #ffffff;\">Personal information that you post on our web site or submit for posting on our web site may be available throughout the Internet, worldwide. We cannot prevent the use or misuse of such information by others.<\/span><\/p><\/li><li><p><span style=\"color: #ffffff;\">You explicitly consent to the transfers of personal information described in this section F.<\/span><\/p><\/li><\/ol><p><span style=\"color: #ffffff;\"><strong>G. Retain personal information<\/strong><\/span><\/p><ol><li><p><span style=\"color: #ffffff;\">This section G specifies our personal information retention policies and procedures, designed to help ensure that we comply with our legal obligations regarding the retention and disposal of personal information.<\/span><\/p><\/li><li><p><span style=\"color: #ffffff;\">Personal information that we process for any purpose or purposes should not be stored longer than is necessary for that purpose or purposes.<\/span><\/p><\/li><li><p><span style=\"color: #ffffff;\">Without prejudice to Article G-2, we will usually delete personal data that falls within the categories mentioned below on the date and time determined below:<\/span><\/p><ol><li><p><span style=\"color: #ffffff;\">personal data will be deleted after 30 days.<\/span><\/p><\/li><li><p><span style=\"color: #ffffff;\">when the user requests its deletion.<\/span><\/p><\/li><\/ol><\/li><li><p><span style=\"color: #ffffff;\">Notwithstanding the other provisions of this Section G, we will retain documents (including electronic documents) containing personal data:<\/span><\/p><ol><li><p><span style=\"color: #ffffff;\">to the extent required by law;<\/span><\/p><\/li><li><p><span style=\"color: #ffffff;\">if we believe the documents may be relevant to any current or prospective legal proceeding; and<\/span><\/p><\/li><li><p><span style=\"color: #ffffff;\">to establish, exercise or defend our legal rights (including providing personal information to others for fraud prevention and credit risk reduction purposes).<\/span><\/p><\/li><\/ol><\/li><\/ol><p><span style=\"color: #ffffff;\"><strong>H. Security of your personal information<\/strong><\/span><\/p><ol><li><p><span style=\"color: #ffffff;\">We will take reasonable technical and organizational precautions to prevent the loss, misuse or alteration of your personal information.<\/span><\/p><\/li><li><p><span style=\"color: #ffffff;\">We will store all personal information you give us on our secure (password and firewall protected) servers.<\/span><\/p><\/li><li><p><span style=\"color: #ffffff;\">All electronic financial transactions made through our website will be protected by encryption technology.<\/span><\/p><\/li><li><p><span style=\"color: #ffffff;\">You agree that the transmission of information over the Internet is inherently insecure and that we cannot guarantee the security of data sent over the Internet.<\/span><\/p><\/li><li><p><span style=\"color: #ffffff;\">You are responsible for keeping confidential the password you use to access our website, and we will not ask you for your password (except to log in to our website).<\/span><\/p><\/li><\/ol><p><span style=\"color: #ffffff;\"><strong>I. Amendments<\/strong><\/span><\/p><p><span style=\"color: #ffffff;\">We may update this policy from time to time by posting a new version on our website. You should check this page occasionally to ensure that you understand any changes to this policy. We may notify you of changes to this policy via email or through our website's private messaging system.<\/span><\/p><p><span style=\"color: #ffffff;\"><strong>J. Your rights<\/strong><\/span><\/p><p><span style=\"color: #ffffff;\">You may ask us to provide you with any personal information we have about you. P<span style=\"font-size: 15px;\">You may ask us at any time not to process your personal information for marketing purposes.<\/span><\/span><\/p><p><span style=\"color: #ffffff;\">In practice, you will usually either explicitly agree in advance to our use of your personal information for marketing purposes, or we will give you the opportunity to opt out of the use of your personal information for such purposes.<\/span><\/p><p><span style=\"color: #ffffff;\"><strong>K. Third Party Websites<\/strong><\/span><\/p><p><span style=\"color: #ffffff;\">Our website includes hyperlinks to, and information from, third party websites. We have no control over, and are not responsible for, the privacy policies and practices of third parties.<\/span><\/p><p><span style=\"color: #ffffff;\"><strong>L. Update information<\/strong><\/span><\/p><p><span style=\"color: #ffffff;\">Please let us know if the personal information we hold about you needs to be corrected or updated.<\/span><\/p><p><span style=\"color: #ffffff;\"><strong>M. Cookies<\/strong><\/span><\/p><p><span style=\"color: #ffffff;\">Our website uses\u00a0<em>cookies<\/em>. Una\u00a0<em>cookie<\/em>\u00a0is a file containing an identifier (a string of letters and numbers) that is sent from a web server to a web browser and stored in the browser. The identifier is sent back to the server each time the browser requests a page from the server. The\u00a0<em>cookies\u00a0<\/em>can be \"persistent\" or \"session\". A\u00a0<em>cookie<\/em>\u00a0persistent will be stored by a web browser and will remain valid until its expiration date, unless the user deletes it before the expiration date. A\u00a0<em>cookie\u00a0<\/em>will expire at the end of the user's session, when the browser is closed. The\u00a0<em>cookies<\/em>\u00a0typically do not contain any information that personally identifies the user but personal information that we store about you that can be linked to the information stored and obtained from the\u00a0<em>cookies.<\/em>\u00a0<\/span><\/p><ol><li><p><span style=\"color: #ffffff;\">The names of the\u00a0<em>cookies<\/em>\u00a0that we may use on our website and the purposes for which they are used are specified below:<\/span><\/p><ol><li><p><span style=\"color: #ffffff;\">We use Google Analytics and Adwords on our website to improve the usability of the site.<\/span><\/p><\/li><\/ol><\/li><li><p><span style=\"color: #ffffff;\">Most browsers allow you to refuse to accept\u00a0<em>cookies<\/em>, for example:<\/span><\/p><ol><li><p><span style=\"color: #ffffff;\">in Internet Explorer (version 10), you can block the\u00a0<em>cookies<\/em>\u00a0using the automatic administration of\u00a0<em>cookies<\/em>\u00a0by clicking on \"Tools\", \"Internet Options\", \"Privacy\" and then \"Advanced\".<\/span><\/p><\/li><li><p><span style=\"color: #ffffff;\">in Firefox (version 24), you can block all the\u00a0<em>cookies<\/em>\u00a0by clicking on \"Tools\", \"Options\", \"Privacy\", selecting \"Use custom settings for history\" from the drop-down menu and unchecking \"Accept cookies from sites\"; and<\/span><\/p><\/li><li><p><span style=\"color: #ffffff;\">in Chrome (version 29), you can block all the\u00a0<em>cookies<\/em>\u00a0by accessing the \"Privacy and Security\" menu and clicking on \"Settings\", \"Advanced\" and then unchecking \"Allow sites to save and read cookie data\" under the heading of \"Privacy and Security\".\u00a0<em>Cookies.<\/em>Blocking cookies will have a negative impact on the usability of many websites. If you block cookies, you will not be able to use all the features of your website.<\/span><\/p><\/li><\/ol><\/li><li><p><span style=\"color: #ffffff;\">You can remove the\u00a0<em>cookies<\/em>\u00a0already stored on your computer, for example:<\/span><\/p><ol><li><p><span style=\"color: #ffffff;\">in Internet Explorer (version 10), you must manually delete the files in the\u00a0<em>cookies<\/em>\u00a0(instructions on how to do this can be found at\u00a0<a style=\"color: #ffffff;\" href=\"http:\/\/support.microsoft.com\/kb\/278835\">http:\/\/support.microsoft.com\/kb\/278835<\/a>\u00a0);<\/span><\/p><\/li><li><p><span style=\"color: #ffffff;\">in Firefox (version 24) you can delete all cookies by clicking on \"Tools\", \"Options\", \"Privacy\", selecting \"Use custom settings for history\" and clicking on \"Show cookies\" and then clicking on \"Delete all cookies\".\u00a0<em>cookies<\/em>\u201d; and<\/span><\/p><\/li><\/ol><\/li><li><span style=\"color: #ffffff;\">in Chrome (version 29) you can delete all cookies by accessing the \"Privacy and security\" menu and clicking on \"Settings\", \"Advanced\" and then selecting \"Delete\".\u00a0<em>cookies\u00a0<\/em>and other site data and\u00a0<em>plugins<\/em>\"before clicking on \"Delete browsing data\".<\/span><\/li><li><p><span style=\"color: #ffffff;\">Eliminate the\u00a0<em>cookies<\/em>\u00a0will have a negative impact on the usability of many websites.<\/span><\/p><\/li><\/ol>\t\t\t\t\t<\/div>\n\t\t\t\t\t\t<\/div>\n\t\t\t\t<\/div>\n\t\t\t\t<div class=\"elementor-element elementor-element-4ce1d53 elementor-widget elementor-widget-spacer\" data-id=\"4ce1d53\" data-element_type=\"widget\" data-widget_type=\"spacer.default\">\n\t\t\t\t<div class=\"elementor-widget-container\">\n\t\t\t\t\t<div class=\"elementor-spacer\">\n\t\t\t<div class=\"elementor-spacer-inner\"><\/div>\n\t\t<\/div>\n\t\t\t\t<\/div>\n\t\t\t\t<\/div>\n\t\t\t\t\t\t<\/div>\n\t\t\t\t\t<\/div>\n\t\t<\/div>\n\t\t\t\t\t\t\t\t<\/div>\n\t\t\t\t\t<\/div>\n\t\t<\/section>\n\t\t\t\t\t\t\t\t\t<\/div>\n\t\t\t<\/div>\n\t\t\t\t\t<\/div>","protected":false},"excerpt":{"rendered":"<p>POL\u00cdTICA DE PRIVACIDAD A. Introducci\u00f3n La privacidad de los visitantes de nuestro sitio web es muy importante y estamos comprometidos a protegerla. Esta pol\u00edtica explica qu\u00e9 haremos&hellip;<\/p>\n<p> <a class=\"more-link\" href=\"https:\/\/deltrangolabradores.es\/en\/politica-de-privacidad\/\">Read more<\/a><\/p>","protected":false},"author":1,"featured_media":0,"parent":0,"menu_order":0,"comment_status":"closed","ping_status":"closed","template":"","meta":{"footnotes":""},"class_list":["post-12373","page","type-page","status-publish"],"_links":{"self":[{"href":"https:\/\/deltrangolabradores.es\/en\/wp-json\/wp\/v2\/pages\/12373","targetHints":{"allow":["GET"]}}],"collection":[{"href":"https:\/\/deltrangolabradores.es\/en\/wp-json\/wp\/v2\/pages"}],"about":[{"href":"https:\/\/deltrangolabradores.es\/en\/wp-json\/wp\/v2\/types\/page"}],"author":[{"embeddable":true,"href":"https:\/\/deltrangolabradores.es\/en\/wp-json\/wp\/v2\/users\/1"}],"replies":[{"embeddable":true,"href":"https:\/\/deltrangolabradores.es\/en\/wp-json\/wp\/v2\/comments?post=12373"}],"version-history":[{"count":34,"href":"https:\/\/deltrangolabradores.es\/en\/wp-json\/wp\/v2\/pages\/12373\/revisions"}],"predecessor-version":[{"id":13201,"href":"https:\/\/deltrangolabradores.es\/en\/wp-json\/wp\/v2\/pages\/12373\/revisions\/13201"}],"wp:attachment":[{"href":"https:\/\/deltrangolabradores.es\/en\/wp-json\/wp\/v2\/media?parent=12373"}],"curies":[{"name":"wp","href":"https:\/\/api.w.org\/{rel}","templated":true}]}}