{"id":12393,"date":"2022-07-13T07:21:29","date_gmt":"2022-07-13T07:21:29","guid":{"rendered":"https:\/\/deltrangolabradores.es\/?page_id=12393"},"modified":"2025-02-12T11:05:42","modified_gmt":"2025-02-12T10:05:42","slug":"aviso-legal","status":"publish","type":"page","link":"https:\/\/deltrangolabradores.es\/en\/aviso-legal\/","title":{"rendered":"Legal Warning"},"content":{"rendered":"<div data-elementor-type=\"wp-page\" data-elementor-id=\"12393\" class=\"elementor elementor-12393\">\n\t\t\t\t\t\t<div class=\"elementor-inner\">\n\t\t\t\t<div class=\"elementor-section-wrap\">\n\t\t\t\t\t\t\t\t\t<section data-particle_enable=\"false\" data-particle-mobile-disabled=\"false\" class=\"elementor-section elementor-top-section elementor-element elementor-element-2b657d8 elementor-section-boxed elementor-section-height-default elementor-section-height-default\" data-id=\"2b657d8\" data-element_type=\"section\" data-settings=\"{&quot;background_background&quot;:&quot;classic&quot;}\">\n\t\t\t\t\t\t<div class=\"elementor-container elementor-column-gap-default\">\n\t\t\t\t\t\t\t<div class=\"elementor-row\">\n\t\t\t\t\t<div class=\"elementor-column elementor-col-100 elementor-top-column elementor-element elementor-element-84fef4d\" data-id=\"84fef4d\" data-element_type=\"column\">\n\t\t\t<div class=\"elementor-column-wrap elementor-element-populated\">\n\t\t\t\t\t\t\t<div class=\"elementor-widget-wrap\">\n\t\t\t\t\t\t<div class=\"elementor-element elementor-element-c929927 elementor-widget elementor-widget-spacer\" data-id=\"c929927\" data-element_type=\"widget\" data-widget_type=\"spacer.default\">\n\t\t\t\t<div class=\"elementor-widget-container\">\n\t\t\t\t\t<div class=\"elementor-spacer\">\n\t\t\t<div class=\"elementor-spacer-inner\"><\/div>\n\t\t<\/div>\n\t\t\t\t<\/div>\n\t\t\t\t<\/div>\n\t\t\t\t<div class=\"elementor-element elementor-element-751e7aa elementor-widget elementor-widget-heading\" data-id=\"751e7aa\" data-element_type=\"widget\" data-widget_type=\"heading.default\">\n\t\t\t\t<div class=\"elementor-widget-container\">\n\t\t\t<h2 class=\"elementor-heading-title elementor-size-default\">LEGAL WARNING<\/h2>\t\t<\/div>\n\t\t\t\t<\/div>\n\t\t\t\t<div class=\"elementor-element elementor-element-de620fc elementor-widget elementor-widget-text-editor\" data-id=\"de620fc\" data-element_type=\"widget\" data-widget_type=\"text-editor.default\">\n\t\t\t\t<div class=\"elementor-widget-container\">\n\t\t\t\t\t\t\t\t<div class=\"elementor-text-editor elementor-clearfix\">\n\t\t\t\t\t\t\t\t\t<\/div>\n\t\t\t\t\t\t<\/div>\n\t\t\t\t<\/div>\n\t\t\t\t<div class=\"elementor-element elementor-element-8f3ac73 elementor-widget elementor-widget-text-editor\" data-id=\"8f3ac73\" data-element_type=\"widget\" data-widget_type=\"text-editor.default\">\n\t\t\t\t<div class=\"elementor-widget-container\">\n\t\t\t\t\t\t\t\t<div class=\"elementor-text-editor elementor-clearfix\">\n\t\t\t\t<p><span style=\"color: #ffffff;\"><strong>LEY DE LOS SERVICIOS DE LA SOCIEDAD DE LA INFORMACI\u00d3N (LSSI)<\/strong><\/span><\/p><p><span style=\"color: #ffffff;\">Afijo FCI N\u00ba 19667 Del Trango, (\u201cDEL TRANGO\u201d en adelante.), responsable del sitio web, en adelante \u00abel RESPONSABLE\u00bb, pone a disposici\u00f3n de los usuarios el presente documento con el objetivo de cumplir las obligaciones dispuestas en la Ley 34\/2002, de 11 de julio, de Servicios de la Sociedad de la Informaci\u00f3n y de Comercio Electr\u00f3nico (LSSICE), publicada en el BOE N.\u00ba 166. Asimismo, informa a todos los usuarios del sitio web sobre las condiciones de uso.<\/span><\/p><p><span style=\"color: #ffffff;\">Toda persona que acceda a este sitio web asume el papel de usuario, comprometi\u00e9ndose a la observancia y cumplimiento riguroso de las disposiciones aqu\u00ed establecidas, as\u00ed como de cualquier otra normativa aplicable.<\/span><\/p><p><span style=\"color: #ffffff;\">DEL TRANGO se reserva el derecho de modificar cualquier informaci\u00f3n contenida en el sitio web sin obligaci\u00f3n de preavisar o notificar a los usuarios, consider\u00e1ndose suficiente la publicaci\u00f3n de los cambios en el sitio web.<\/span><\/p><p><span style=\"color: #ffffff;\"><strong>DATOS IDENTIFICATIVOS<\/strong><\/span><\/p><ul><li><span style=\"color: #ffffff;\"><strong>Nombre de dominio:<\/strong> <a style=\"color: #ffffff;\" href=\"https:\/\/deltrangolabradores.es\/en\/\">www.deltrangolabradores.es<\/a><\/span><\/li><li><span style=\"color: #ffffff;\"><strong>Nombre comercial:<\/strong> DEL TRANGO LABRADORES<\/span><\/li><li><span style=\"color: #ffffff;\"><strong>Denominaci\u00f3n social:<\/strong> Afijo FCI N\u00ba 19667 Del Trango<\/span><\/li><li><span style=\"color: #ffffff;\"><strong>NIF:<\/strong> 53388120Z<\/span><\/li><li><span style=\"color: #ffffff;\"><strong>Domicilio social:<\/strong> Camino del Charco 277 &#8211; 33391 &#8211; Deva \u2013 Gij\u00f3n &#8211; Asturias)<\/span><\/li><li><span style=\"color: #ffffff;\"><strong>Tel\u00e9fono:<\/strong> 659 05 86 83<\/span><\/li><li><span style=\"color: #ffffff;\"><strong>E-mail:<\/strong> <a style=\"color: #ffffff;\" href=\"mailto:deltrangolabradores@gmail.com\">deltrangolabradores@gmail.com<\/a><\/span><\/li><\/ul><p><span style=\"color: #ffffff;\"><strong>DERECHOS DE PROPIEDAD INTELECTUAL E INDUSTRIAL<\/strong><\/span><\/p><p><span style=\"color: #ffffff;\">El sitio web, incluyendo, a t\u00edtulo enunciativo pero no limitativo, su programaci\u00f3n, edici\u00f3n, compilaci\u00f3n y dem\u00e1s elementos necesarios para su funcionamiento, as\u00ed como los dise\u00f1os, logotipos, textos y gr\u00e1ficos, son propiedad del RESPONSABLE o, en su caso, dispone de licencia o autorizaci\u00f3n expresa por parte de sus autores. Todos los contenidos del sitio web est\u00e1n protegidos por la normativa de propiedad intelectual e industrial y registrados en los organismos p\u00fablicos correspondientes.<\/span><\/p><p><span style=\"color: #ffffff;\">Independientemente de su finalidad, la reproducci\u00f3n total o parcial, uso, explotaci\u00f3n, distribuci\u00f3n y comercializaci\u00f3n de los contenidos del sitio web requiere en todo caso la autorizaci\u00f3n escrita previa del RESPONSABLE. Cualquier uso no autorizado se considerar\u00e1 un incumplimiento grave de los derechos de propiedad intelectual o industrial del titular.<\/span><\/p><p><span style=\"color: #ffffff;\">Los dise\u00f1os, logotipos, textos y gr\u00e1ficos ajenos al RESPONSABLE que puedan aparecer en el sitio web pertenecen a sus respectivos propietarios, siendo ellos los responsables de cualquier posible controversia que pudiera suscitarse respecto a los mismos.<\/span><\/p><p><span style=\"color: #ffffff;\">El RESPONSABLE autoriza expresamente a terceros a redirigir directamente a contenidos concretos de su sitio web, as\u00ed como al sitio web principal www.deltrangolabradores.es<\/span><\/p><p><span style=\"color: #ffffff;\">Para realizar cualquier observaci\u00f3n respecto a posibles incumplimientos de derechos de propiedad intelectual o industrial, as\u00ed como sobre el contenido del sitio web, se puede contactar a trav\u00e9s del correo electr\u00f3nico deltrangolabradores@gmail.com<\/span><\/p><p><span style=\"color: #ffffff;\"><strong>EXENCI\u00d3N DE RESPONSABILIDADES<\/strong><\/span><\/p><p><span style=\"color: #ffffff;\">El RESPONSABLE se exime de cualquier tipo de responsabilidad derivada de la informaci\u00f3n publicada en su sitio web, siempre que no tenga conocimiento efectivo de que dicha informaci\u00f3n ha sido manipulada o introducida por un tercero ajeno o, en caso de tener conocimiento, haya actuado con diligencia para retirar los datos o impedir el acceso a ellos.<\/span><\/p><p><span style=\"color: #ffffff;\"><strong>Uso de cookies<\/strong><\/span><\/p><p><span style=\"color: #ffffff;\">Este sitio web puede utilizar cookies t\u00e9cnicas (peque\u00f1os archivos de informaci\u00f3n que el servidor env\u00eda al ordenador del usuario) para llevar a cabo determinadas funciones esenciales para su correcto funcionamiento y visualizaci\u00f3n. Las cookies utilizadas son temporales y tienen como \u00fanica finalidad hacer m\u00e1s eficiente la navegaci\u00f3n, desapareciendo al finalizar la sesi\u00f3n del usuario. En ning\u00fan caso estas cookies proporcionan datos personales ni se utilizar\u00e1n para su recopilaci\u00f3n.<\/span><\/p><p><span style=\"color: #ffffff;\">Mediante el uso de cookies, el servidor web tambi\u00e9n puede reconocer el navegador utilizado por el usuario con el fin de facilitar la navegaci\u00f3n, permitiendo el acceso a \u00e1reas, servicios, promociones o concursos reservados exclusivamente a usuarios registrados sin necesidad de introducir credenciales en cada visita. Tambi\u00e9n pueden emplearse para medir la audiencia, analizar el tr\u00e1fico o realizar un seguimiento de visitas. Este sitio web no instalar\u00e1 cookies no esenciales sin el consentimiento previo del usuario.<\/span><\/p><p><span style=\"color: #ffffff;\">El usuario tiene la opci\u00f3n de configurar su navegador para ser alertado de la recepci\u00f3n de cookies y para impedir su instalaci\u00f3n en su equipo. Consulte las instrucciones de su navegador para m\u00e1s informaci\u00f3n.<\/span><\/p><p><span style=\"color: #ffffff;\"><strong>Pol\u00edtica de enlaces<\/strong><\/span><\/p><p><span style=\"color: #ffffff;\">El sitio web puede contener enlaces a contenidos de terceros. Dado que el RESPONSABLE no siempre puede controlar los contenidos introducidos por terceros en sus respectivos sitios web, no asume ning\u00fan tipo de responsabilidad sobre dichos contenidos. No obstante, proceder\u00e1 a la retirada inmediata de cualquier enlace que redirija a contenidos que contravengan la legislaci\u00f3n nacional o internacional, la moral o el orden p\u00fablico, notificando a las autoridades competentes en caso necesario.<\/span><\/p><p><span style=\"color: #ffffff;\">El RESPONSABLE tampoco se hace responsable de la informaci\u00f3n y contenidos almacenados en foros, chats, blogs, comentarios, redes sociales u otros medios que permitan a terceros publicar contenidos de forma independiente en el sitio web. Sin embargo, en cumplimiento de los art\u00edculos 11 y 16 de la LSSICE, colabora de forma activa en la retirada o el bloqueo de aquellos contenidos que puedan afectar o contravenir la legislaci\u00f3n vigente, los derechos de terceros o el orden p\u00fablico.<\/span><\/p><p><span style=\"color: #ffffff;\">Si un usuario considera que existe alg\u00fan contenido en el sitio web que pudiera ser il\u00edcito o inapropiado, se solicita que lo notifique de inmediato al administrador del sitio web.<\/span><\/p><p><span style=\"color: #ffffff;\"><strong>Disponibilidad y funcionamiento<\/strong><\/span><\/p><p><span style=\"color: #ffffff;\">Este sitio web ha sido revisado y probado para garantizar su correcto funcionamiento. En principio, su operatividad est\u00e1 garantizada los 365 d\u00edas del a\u00f1o, las 24 horas del d\u00eda. No obstante, el RESPONSABLE no descarta la posibilidad de que puedan existir errores de programaci\u00f3n o que se produzcan causas de fuerza mayor (cat\u00e1strofes naturales, huelgas, fallos t\u00e9cnicos, etc.) que impidan el acceso al sitio web.<\/span><\/p><p><span style=\"color: #ffffff;\"><strong>Direcciones IP<\/strong><\/span><\/p><p><span style=\"color: #ffffff;\">Los servidores del sitio web pueden detectar de manera autom\u00e1tica la direcci\u00f3n IP y el nombre de dominio utilizados por el usuario. Una direcci\u00f3n IP es un n\u00famero asignado autom\u00e1ticamente a un ordenador cuando se conecta a Internet. Esta informaci\u00f3n se registra en un archivo de actividad del servidor con el objetivo de obtener datos estad\u00edsticos, como el n\u00famero de visitas, el orden de accesos y otros par\u00e1metros anal\u00edticos.<\/span><\/p><p><span style=\"color: #ffffff;\"><strong>LEY APLICABLE Y JURISDICCI\u00d3N<\/strong><\/span><\/p><p><span style=\"color: #ffffff;\">Para la resoluci\u00f3n de todas las controversias o cuestiones relacionadas con el presente sitio web o de las actividades en \u00e9l desarrolladas, ser\u00e1 de aplicaci\u00f3n la legislaci\u00f3n espa\u00f1ola, a la que se someten expresamente las partes, siendo competentes para la resoluci\u00f3n de todos los conflictos derivados o relacionados con su uso los Juzgados y Tribunales del domicilio del USUARIO o el lugar del cumplimiento de la obligaci\u00f3n.<\/span><\/p>\t\t\t\t\t<\/div>\n\t\t\t\t\t\t<\/div>\n\t\t\t\t<\/div>\n\t\t\t\t<div class=\"elementor-element elementor-element-4ce1d53 elementor-widget elementor-widget-spacer\" data-id=\"4ce1d53\" data-element_type=\"widget\" data-widget_type=\"spacer.default\">\n\t\t\t\t<div class=\"elementor-widget-container\">\n\t\t\t\t\t<div class=\"elementor-spacer\">\n\t\t\t<div class=\"elementor-spacer-inner\"><\/div>\n\t\t<\/div>\n\t\t\t\t<\/div>\n\t\t\t\t<\/div>\n\t\t\t\t\t\t<\/div>\n\t\t\t\t\t<\/div>\n\t\t<\/div>\n\t\t\t\t\t\t\t\t<\/div>\n\t\t\t\t\t<\/div>\n\t\t<\/section>\n\t\t\t\t\t\t\t\t\t<\/div>\n\t\t\t<\/div>\n\t\t\t\t\t<\/div>","protected":false},"excerpt":{"rendered":"<p>AVISO LEGAL LEY DE LOS SERVICIOS DE LA SOCIEDAD DE LA INFORMACI\u00d3N (LSSI) Afijo FCI N\u00ba 19667 Del Trango, (\u201cDEL TRANGO\u201d en adelante.), responsable del sitio web,&hellip;<\/p>\n<p> <a class=\"more-link\" href=\"https:\/\/deltrangolabradores.es\/en\/aviso-legal\/\">Read more<\/a><\/p>","protected":false},"author":1,"featured_media":0,"parent":0,"menu_order":0,"comment_status":"closed","ping_status":"closed","template":"","meta":{"footnotes":""},"class_list":["post-12393","page","type-page","status-publish"],"_links":{"self":[{"href":"https:\/\/deltrangolabradores.es\/en\/wp-json\/wp\/v2\/pages\/12393","targetHints":{"allow":["GET"]}}],"collection":[{"href":"https:\/\/deltrangolabradores.es\/en\/wp-json\/wp\/v2\/pages"}],"about":[{"href":"https:\/\/deltrangolabradores.es\/en\/wp-json\/wp\/v2\/types\/page"}],"author":[{"embeddable":true,"href":"https:\/\/deltrangolabradores.es\/en\/wp-json\/wp\/v2\/users\/1"}],"replies":[{"embeddable":true,"href":"https:\/\/deltrangolabradores.es\/en\/wp-json\/wp\/v2\/comments?post=12393"}],"version-history":[{"count":74,"href":"https:\/\/deltrangolabradores.es\/en\/wp-json\/wp\/v2\/pages\/12393\/revisions"}],"predecessor-version":[{"id":13231,"href":"https:\/\/deltrangolabradores.es\/en\/wp-json\/wp\/v2\/pages\/12393\/revisions\/13231"}],"wp:attachment":[{"href":"https:\/\/deltrangolabradores.es\/en\/wp-json\/wp\/v2\/media?parent=12393"}],"curies":[{"name":"wp","href":"https:\/\/api.w.org\/{rel}","templated":true}]}}